{"id":102,"date":"2020-09-22T21:17:53","date_gmt":"2020-09-22T21:17:53","guid":{"rendered":"https:\/\/www.gdodivelas.pt\/inicio\/?page_id=102"},"modified":"2020-10-26T14:27:58","modified_gmt":"2020-10-26T14:27:58","slug":"estatutos","status":"publish","type":"page","link":"https:\/\/www.gdodivelas.pt\/inicio\/estatutos\/","title":{"rendered":"Estatutos"},"content":{"rendered":"<div id=\"pl-102\"  class=\"panel-layout\" ><div id=\"pg-102-0\"  class=\"panel-grid panel-no-style\" ><div id=\"pgc-102-0-0\"  class=\"panel-grid-cell\" ><div id=\"panel-102-0-0-0\" class=\"so-panel widget widget_sow-editor panel-first-child panel-last-child\" data-index=\"0\" ><div\n\t\t\t\n\t\t\tclass=\"so-widget-sow-editor so-widget-sow-editor-base\"\n\t\t\t\n\t\t>\n<div class=\"siteorigin-widget-tinymce textwidget\">\n\t<p style=\"text-align: justify;\">A 2 de Junho de 1981 foi efetuada a escritura p\u00fablica da associa\u00e7\u00e3o GDODivelas - Grupo Desportivo de Odivelas. ficando legalmente constitu\u00eddo e vendo os seus estatutos aprovados a 30 de Junho do mesmo ano. R<span style=\"text-align: justify;\">econhecida como pessoa coletiva de utilidade p\u00fablica a <\/span>19 de Setembro de 1995 o GDO \u00e9 membro da Federa\u00e7\u00e3o Portuguesa da Cultura, da Federa\u00e7\u00e3o Nacional das Associa\u00e7\u00f5es Juvenis e s\u00f3cio fundador da Federa\u00e7\u00e3o das Associa\u00e7\u00f5es Juvenis do Baixo Alentejo. \u00c9 ainda s\u00f3cio da Funda\u00e7\u00e3o Inatel sendo o CCD n\u00ba. 4615. Encontra-se filiado tamb\u00e9m na Associa\u00e7\u00e3o de Atletismo de Beja.<\/p>\n<p style=\"text-align: justify;\"><a href=\"https:\/\/www.gdodivelas.pt\/inicio\/wp-content\/uploads\/2020\/10\/Estatutos-gdo.pdf\">Estatutos da associa\u00e7\u00e3o GDodivelas<\/a><\/p>\n<p><a href=\"https:\/\/www.gdodivelas.pt\/inicio\/wp-content\/uploads\/2020\/10\/Escritura-de-Constituicao-gdo.pdf.pdf\">Escritura P\u00fablica<\/a><\/p>\n<p><a href=\"https:\/\/www.gdodivelas.pt\/inicio\/wp-content\/uploads\/2020\/10\/APROVACAO-UT.PUBLICA.pdf\">Coletividade de Utilidade P\u00fablica<\/a><\/p>\n<\/div>\n<\/div><\/div><\/div><\/div><\/div>","protected":false},"excerpt":{"rendered":"<p>A 2 de Junho de 1981 foi efetuada a escritura p\u00fablica da associa\u00e7\u00e3o GDODivelas &#8211; Grupo Desportivo de Odivelas. ficando legalmente constitu\u00eddo e vendo os seus estatutos aprovados a 30 de Junho do mesmo ano. Reconhecida como pessoa coletiva de utilidade p\u00fablica a 19 de Setembro de 1995 o GDO \u00e9 membro da Federa\u00e7\u00e3o Portuguesa [&hellip;]<\/p>\n","protected":false},"author":1,"featured_media":0,"parent":0,"menu_order":0,"comment_status":"closed","ping_status":"closed","template":"","meta":{"ngg_post_thumbnail":0,"footnotes":""},"class_list":["post-102","page","type-page","status-publish","hentry"],"_links":{"self":[{"href":"https:\/\/www.gdodivelas.pt\/inicio\/wp-json\/wp\/v2\/pages\/102","targetHints":{"allow":["GET"]}}],"collection":[{"href":"https:\/\/www.gdodivelas.pt\/inicio\/wp-json\/wp\/v2\/pages"}],"about":[{"href":"https:\/\/www.gdodivelas.pt\/inicio\/wp-json\/wp\/v2\/types\/page"}],"author":[{"embeddable":true,"href":"https:\/\/www.gdodivelas.pt\/inicio\/wp-json\/wp\/v2\/users\/1"}],"replies":[{"embeddable":true,"href":"https:\/\/www.gdodivelas.pt\/inicio\/wp-json\/wp\/v2\/comments?post=102"}],"version-history":[{"count":8,"href":"https:\/\/www.gdodivelas.pt\/inicio\/wp-json\/wp\/v2\/pages\/102\/revisions"}],"predecessor-version":[{"id":512,"href":"https:\/\/www.gdodivelas.pt\/inicio\/wp-json\/wp\/v2\/pages\/102\/revisions\/512"}],"wp:attachment":[{"href":"https:\/\/www.gdodivelas.pt\/inicio\/wp-json\/wp\/v2\/media?parent=102"}],"curies":[{"name":"wp","href":"https:\/\/api.w.org\/{rel}","templated":true}]}}