{"id":33,"date":"2020-09-22T20:36:00","date_gmt":"2020-09-22T20:36:00","guid":{"rendered":"https:\/\/www.gdodivelas.pt\/inicio\/?page_id=33"},"modified":"2020-10-19T20:20:11","modified_gmt":"2020-10-19T20:20:11","slug":"historial","status":"publish","type":"page","link":"https:\/\/www.gdodivelas.pt\/inicio\/historial\/","title":{"rendered":"Historial"},"content":{"rendered":"<div id=\"pl-33\"  class=\"panel-layout\" ><div id=\"pg-33-0\"  class=\"panel-grid panel-no-style\" ><div id=\"pgc-33-0-0\"  class=\"panel-grid-cell\" ><div id=\"panel-33-0-0-0\" class=\"so-panel widget widget_sow-editor panel-first-child panel-last-child\" data-index=\"0\" ><div\n\t\t\t\n\t\t\tclass=\"so-widget-sow-editor so-widget-sow-editor-base\"\n\t\t\t\n\t\t>\n<div class=\"siteorigin-widget-tinymce textwidget\">\n\t<p style=\"text-align: justify;\">Desconhece-se ao certo a verdadeira data de funda\u00e7\u00e3o do Grupo Desportivo de Odivelas (G.D.O.), mas sabe\u2011se que j\u00e1 em 1963\/64, apesar de ainda n\u00e3o ter campo de futebol, j\u00e1 se jogava \u00e0 bola em Odivelas. Entre esses \"Jogadores\u201d contava\u2011se Jos\u00e9 Valente Pinto, Manuel Bonito entre muitos outros cujo gosto pela pr\u00e1tica da modalidade os levou a procurarem apoio, em 1971\/72, de Jos\u00e9 Nunes, ent\u00e3o Presidente da Casa do Povo de Ferreira do Alentejo. Foi nesta altura e gra\u00e7as ao subs\u00eddio da Casa do Povo que foi constru\u00eddo o campo de Futebol e institu\u00eddo o G.D.O. que na altura se designava Grupo Desportivo da Casa do Povo de Odivelas. Foi tamb\u00e9m nesta altura que com o apoio da Casa do Povo foram disponibilizados alguns livros que constitu\u00edram a pequena biblioteca da freguesia. O G.D.O. atrav\u00e9s da sua equipa de Futebol, participou em v\u00e1rios campeonatos de futebol, a partir da d\u00e9cada de 70, organizados inicialmente pela FNAT (Federa\u00e7\u00e3o Nacional para a Alegria no Trabalho) e depois pelo INATEL (Instituto Nacional para o Aproveitamento dos Tempos Livres). As primeiras dire\u00e7\u00f5es do Grupo Desportivo estiveram a cargo, em 1973\/74, de Jos\u00e9 Valente Pinto, Jos\u00e9 Francisco Ars\u00e9nio, Ant\u00f3nio dos Santos, Jos\u00e9 Guerra, Manuel Bonito entre outros, sendo este \u00faltimo o Presidente da Dire\u00e7\u00e3o. S\u00f3 em 1975, ap\u00f3s a revolu\u00e7\u00e3o dos cravos, Ant\u00f3nio Jos\u00e9 Pinela Silvestre assumiu a Presid\u00eancia daquela entidade. Este manteve\u2011se ligado ao grupo desde essa altura at\u00e9 1986. Contudo, s\u00f3 a 2 de Junho de 1980 que o G.D.O. foi legalmente fundado, sendo os seus estatutos aprovados a 30 de Junho do mesmo ano. Em 1987 os destinos do G.D.O. ficaram a cargo de Jos\u00e9 Francisco Dias Mira que permaneceu na Presid\u00eancia at\u00e9 Agosto de 1999. Na d\u00e9cada de 80, mais concretamente a partir de 1989, criou\u2011se a sec\u00e7\u00e3o de atletismo que ao longo de 5 anos obteve \u00eaxitos e recordes ainda hoje inscritos na Associa\u00e7\u00e3o de Atletismo de Beja.<\/p>\n<\/div>\n<\/div><\/div><\/div><div id=\"pgc-33-0-1\"  class=\"panel-grid-cell\" ><div id=\"panel-33-0-1-0\" class=\"so-panel widget widget_sow-editor panel-first-child panel-last-child\" data-index=\"1\" ><div\n\t\t\t\n\t\t\tclass=\"so-widget-sow-editor so-widget-sow-editor-base\"\n\t\t\t\n\t\t>\n<div class=\"siteorigin-widget-tinymce textwidget\">\n\t<p style=\"text-align: justify;\">Entre os atletas inscritos e que obtiveram mais \u00eaxitos contam\u2011se, na categoria de provas de m\u00e9dia e longa dist\u00e2ncia, Marta Paula Gon\u00e7alves (melhor atleta nos anos de 1990 e de 1991), Salom\u00e9 Silvestre, Hugo Carvalho, Manuel Carra\u00e7a, Vanda Piedade, C\u00e9lia Guerra, Diogo Maia, Ant\u00f3nio Maia, entre outros (esta sec\u00e7\u00e3o terminou em 1993). Parou\u2011se por duas \u00e9pocas com o futebol s\u00e9nior (\u00e9pocas de 1991\/92 e 1992\/93) que reiniciou na \u00e9poca de 93\/94. Procurou\u2011se ainda que em paralelo com as modalidades federadas existissem outras, por exemplo, a organiza\u00e7\u00e3o de encontros, organiza\u00e7\u00e3o de 3 grandes pr\u00e9mios de atletismo (1990, 1991 e 1993), espet\u00e1culos de teatro (1991), programas de f\u00e9rias desportivas (1991 a 1995), exposi\u00e7\u00f5es com artistas do concelho (\"Trabalhos de Jos\u00e9 Domingos\" - Odivelas - 1992, \"Trabalhos de Fl\u00e1vio Horta\" \u2013 Figueira dos. Cavaleiros - 1993 e \"Caricaturas de Baltazar Ortega\" \u2013 Ferreira do. Alentejo - 1993), jogos tradicionais (1992\u20111994), jogos aqu\u00e1ticos (1993\/1994), festas tradicionais de Odivelas de 1993 a 2002, Projetos OTL, ADA, PAAJ do Instituto Portugu\u00eas da Juventude, festivais de folclore (1996\/1999). Em 1993, mais precisamente a 21 de Julho, a dire\u00e7\u00e3o ainda sob a Presid\u00eancia de Jos\u00e9 Mira, inscreve o G.D.O. no registo nacional de Associa\u00e7\u00f5es Juvenis sob o C\u00f3digo 02.08.006 (v\u00e1lido at\u00e9 2001), passados dois anos, obtendo posteriormente, a 19 de Setembro de 1995 ,o estatuto de Associa\u00e7\u00e3o de utilidade p\u00fablica, torna-se s\u00f3cio da Federa\u00e7\u00e3o Portuguesa da Cultura, da Federa\u00e7\u00e3o Nacional das Associa\u00e7\u00f5es Juvenis e s\u00f3cio fundador da Federa\u00e7\u00e3o das Associa\u00e7\u00f5es Juvenis do Baixo Alentejo.<\/p>\n<p style=\"text-align: justify;\">O G.D.O. possui sede pr\u00f3pria que hoje se situa na Rua do Arrabalde, na localidade de Odivelas, em edif\u00edcio cedido, mediante assinatura de protocolo com a Casa do Povo de Ferreira do Alentejo, por um per\u00edodo de 50 anos.<\/p>\n<\/div>\n<\/div><\/div><\/div><\/div><div id=\"pg-33-1\"  class=\"panel-grid panel-no-style\" ><div id=\"pgc-33-1-0\"  class=\"panel-grid-cell\" ><div id=\"panel-33-1-0-0\" class=\"so-panel widget widget_sow-image panel-first-child panel-last-child\" data-index=\"2\" ><div\n\t\t\t\n\t\t\tclass=\"so-widget-sow-image so-widget-sow-image-default-c67d20f9f743-33\"\n\t\t\t\n\t\t>\n<div class=\"sow-image-container\">\n\t\t<img \n\tsrc=\"https:\/\/www.gdodivelas.pt\/inicio\/wp-content\/uploads\/2020\/10\/sede_gdodivelas.png\" width=\"937\" height=\"377\" srcset=\"https:\/\/www.gdodivelas.pt\/inicio\/wp-content\/uploads\/2020\/10\/sede_gdodivelas.png 937w, https:\/\/www.gdodivelas.pt\/inicio\/wp-content\/uploads\/2020\/10\/sede_gdodivelas-300x121.png 300w, https:\/\/www.gdodivelas.pt\/inicio\/wp-content\/uploads\/2020\/10\/sede_gdodivelas-768x309.png 768w\" sizes=\"(max-width: 937px) 100vw, 937px\" alt=\"\" \t\tclass=\"so-widget-image\"\/>\n\t<\/div>\n\n<\/div><\/div><\/div><\/div><div id=\"pg-33-2\"  class=\"panel-grid panel-no-style\" ><div id=\"pgc-33-2-0\"  class=\"panel-grid-cell\" ><div id=\"panel-33-2-0-0\" class=\"so-panel widget widget_sow-editor panel-first-child panel-last-child\" data-index=\"3\" ><div\n\t\t\t\n\t\t\tclass=\"so-widget-sow-editor so-widget-sow-editor-base\"\n\t\t\t\n\t\t>\n<div class=\"siteorigin-widget-tinymce textwidget\">\n\t<p style=\"text-align: justify;\">Outrora o Grupo tinha a sua sede onde hoje funciona o Centro de Conv\u00edvio. A 1 de Mar\u00e7o de 1996 tamb\u00e9m criada a Sec\u00e7\u00e3o de Folclore que ficou adstrita ao G.D.O. at\u00e9 21 de Agosto de 1999, altura em que se tornou independente.\u00a0A sec\u00e7\u00e3o de Futebol ganhou a Ta\u00e7a de Honra da 2\u00aa. Divis\u00e3o Distrital na \u00e9poca de 1995\/96 e o 4\u00ba. Lugar na 2\u00aa. Divis\u00e3o Distrital, na sua s\u00e9rie, vindo a ser convidado a disputar uma final para ascender \u00e0 1\u00aa. Divis\u00e3o (o que recusou), e a Ta\u00e7a de Disciplina da 2\u00aa. Divis\u00e3o Distrital na \u00e9poca de 1996\/97.\u00a0A partir de 21 de Agosto de 1999, a dire\u00e7\u00e3o do G.D.O. passou a ser liderada por Jos\u00e9 Lan\u00e7a, durante o bi\u00e9nio de 1999\/2000 e 2000\/2001, que manteve a equipa de futebol em funcionamento, realizando ainda as Festas do 1\u00ba. de Maio e as Festas Tradicionais de Odivelas.\u00a0Nos anos de 2001 a 2002 o G.D.O. foi gerido por Comiss\u00f5es Administrativas, com diretores como Jos\u00e9 Lan\u00e7a, Ant\u00f3nio Jos\u00e9 Coura\u00e7a, Ant\u00f3nio Jos\u00e9 Pinela, Ant\u00f3nio Gato, Ant\u00f3nio Tapisso, Ricardo Raposo, Jos\u00e9 Mira, que foram realizando as Festas Tradicionais de Odivelas, as Festas do 1\u00ba. De Maio e outras atividades, mas por for\u00e7a das obras de melhoramento no campo de futebol parou temporariamente esta sec\u00e7\u00e3o.<\/p>\n<p style=\"text-align: justify;\">Em 30 de Mar\u00e7o de 2003, foram eleitos os corpos sociais para o bi\u00e9nio 2003\/2005, liderada por Jos\u00e9 Mira, que realizou at\u00e9 Junho de 2003, torneios de snooker e sueca, teatro, Festas do 1\u00ba. de Maio, participou com uma equipa de futsal veteranos nos Jogos Desportivos, criou a sec\u00e7\u00e3o cultural onde est\u00e1 integrado o Grupo Coral e Instrumental \u201cTerras de Regadio\u201d (embora independente na sua gest\u00e3o), colabora nas Festas Tradicionais de Odivelas, inscreveu a equipa de futebol s\u00e9nior na 2\u00aa. Divis\u00e3o Distrital (aguardando-se a conclus\u00e3o das obras do campo de futebol) e perspetivando realizar outras atividades ao longo do mandato.<\/p>\n<\/div>\n<\/div><\/div><\/div><div id=\"pgc-33-2-1\"  class=\"panel-grid-cell\" ><div id=\"panel-33-2-1-0\" class=\"so-panel widget widget_sow-editor panel-first-child panel-last-child\" data-index=\"4\" ><div\n\t\t\t\n\t\t\tclass=\"so-widget-sow-editor so-widget-sow-editor-base\"\n\t\t\t\n\t\t>\n<div class=\"siteorigin-widget-tinymce textwidget\">\n\t<p style=\"text-align: justify;\">No per\u00edodo de 2005\/09 foi um per\u00edodo conturbado com falta de listas para os corpos sociais, tendo a gest\u00e3o sido assegurada por uma Comiss\u00e3o Administrativa que se preocupou em manter toda a atividade cultural e desportiva em funcionamento. Em 2009 foi criada a sec\u00e7\u00e3o de BTT\/Cicloturismo (cerca de 20 praticantes) iniciando-se assim a participa\u00e7\u00e3o em provas da modalidade. No ano de 2011 ser\u00e1 realizada a sua primeira iniciativa de prova cronometrada entre trilhos e veredas do montado alentejano (Entre Trilhos e o Montado). Para ocupar os futebolistas mais velhos criou-se a equipa de futebol 11 Veteranos que j\u00e1 conta com alguns jogos, sendo que o principal objetivo \u00e9 a pr\u00e1tica do desporto e o conv\u00edvio. No dia 28\/03\/2010 foi eleita, finalmente, a nova dire\u00e7\u00e3o, para o bi\u00e9nio 2010\/2012, que pretende e ambiciona um futuro mais risonho. Em 22 de Dezembro de 2010 foi tamb\u00e9m criada a sec\u00e7\u00e3o TTMotard e de Caminheiros que j\u00e1 se encontram em funcionamento.<\/p>\n<p style=\"text-align: justify;\">Momentos de lazer e conv\u00edvio, atividades culturais e desportivas foram, s\u00e3o e ser\u00e3o os objetivos que o G.D.O. tem em vista para os seus s\u00f3cios e habitantes de Odivelas, privilegiando os jovens em particular e toda a popula\u00e7\u00e3o em geral, procurando simultaneamente uma estreita e amig\u00e1vel colabora\u00e7\u00e3o com todas as Associa\u00e7\u00f5es da Freguesia e outras, com a Junta de Freguesia e C\u00e2mara Municipal de Ferreira do Alentejo e todas as entidades oficiais. O nosso lema \u00e9 cultura e desporto para todos.<\/p>\n<\/div>\n<\/div><\/div><\/div><\/div><\/div>","protected":false},"excerpt":{"rendered":"<p>Desconhece-se ao certo a verdadeira data de funda\u00e7\u00e3o do Grupo Desportivo de Odivelas (G.D.O.), mas sabe\u2011se que j\u00e1 em 1963\/64, apesar de ainda n\u00e3o ter campo de futebol, j\u00e1 se jogava \u00e0 bola em Odivelas. Entre esses &#8220;Jogadores\u201d contava\u2011se Jos\u00e9 Valente Pinto, Manuel Bonito entre muitos outros cujo gosto pela pr\u00e1tica da modalidade os levou [&hellip;]<\/p>\n","protected":false},"author":1,"featured_media":0,"parent":0,"menu_order":0,"comment_status":"closed","ping_status":"closed","template":"page-templates\/pagebuilder.php","meta":{"ngg_post_thumbnail":0,"footnotes":""},"class_list":["post-33","page","type-page","status-publish","hentry"],"_links":{"self":[{"href":"https:\/\/www.gdodivelas.pt\/inicio\/wp-json\/wp\/v2\/pages\/33","targetHints":{"allow":["GET"]}}],"collection":[{"href":"https:\/\/www.gdodivelas.pt\/inicio\/wp-json\/wp\/v2\/pages"}],"about":[{"href":"https:\/\/www.gdodivelas.pt\/inicio\/wp-json\/wp\/v2\/types\/page"}],"author":[{"embeddable":true,"href":"https:\/\/www.gdodivelas.pt\/inicio\/wp-json\/wp\/v2\/users\/1"}],"replies":[{"embeddable":true,"href":"https:\/\/www.gdodivelas.pt\/inicio\/wp-json\/wp\/v2\/comments?post=33"}],"version-history":[{"count":27,"href":"https:\/\/www.gdodivelas.pt\/inicio\/wp-json\/wp\/v2\/pages\/33\/revisions"}],"predecessor-version":[{"id":337,"href":"https:\/\/www.gdodivelas.pt\/inicio\/wp-json\/wp\/v2\/pages\/33\/revisions\/337"}],"wp:attachment":[{"href":"https:\/\/www.gdodivelas.pt\/inicio\/wp-json\/wp\/v2\/media?parent=33"}],"curies":[{"name":"wp","href":"https:\/\/api.w.org\/{rel}","templated":true}]}}