{"id":37,"date":"2020-09-22T20:37:32","date_gmt":"2020-09-22T20:37:32","guid":{"rendered":"https:\/\/www.gdodivelas.pt\/inicio\/?page_id=37"},"modified":"2023-09-26T14:47:37","modified_gmt":"2023-09-26T14:47:37","slug":"orgaos-sociais","status":"publish","type":"page","link":"https:\/\/www.gdodivelas.pt\/inicio\/orgaos-sociais\/","title":{"rendered":"\u00d3rg\u00e3os Sociais"},"content":{"rendered":"<div id=\"pl-37\"  class=\"panel-layout\" ><div id=\"pg-37-0\"  class=\"panel-grid panel-no-style\" ><div id=\"pgc-37-0-0\"  class=\"panel-grid-cell\" ><div id=\"panel-37-0-0-0\" class=\"so-panel widget widget_sow-editor panel-first-child panel-last-child\" data-index=\"0\" ><div\n\t\t\t\n\t\t\tclass=\"so-widget-sow-editor so-widget-sow-editor-base\"\n\t\t\t\n\t\t>\n<div class=\"siteorigin-widget-tinymce textwidget\">\n\t<h3 style=\"text-align: center;\">BI\u00c9NIO 2023\/2025<\/h3>\n<p style=\"text-align: center;\">elei\u00e7\u00e3o em 18\/06\/2023<\/p>\n<h4 style=\"text-align: center;\">ASSEMBLEIA GERAL<\/h4>\n<p style=\"text-align: center;\">Presidente:&nbsp;Ant\u00f3nio Jos\u00e9 Pinela Silvestre<br \/>\nVice-Presidente: Jos\u00e9 Ant\u00f3nio Atab\u00e3o Revez<br \/>\nSecret\u00e1rio: Jos\u00e9 Ant\u00f3nio Coura\u00e7a Calhau<\/p>\n<h4 style=\"text-align: center;\">DIRE\u00c7\u00c3O<\/h4>\n<p style=\"text-align: center;\">Presidente: Jos\u00e9 Francisco Dias Mira<br \/>\nVice-Presidente: Jos\u00e9 Francisco Louro Lan\u00e7a<br \/>\nTesoureiro: Carla Alexandra Martins Revez<br \/>\nSecret\u00e1rio: Fl\u00e1vio Jos\u00e9 Rocha Lan\u00e7a<br \/>\nVogal: Andr\u00e9 Francisco da Costa dos Santos<br \/>\nSuplente: Francisco Jos\u00e9 Viegas Sim\u00e3o<\/p>\n<h4 style=\"text-align: center;\">CONSELHO FISCAL<\/h4>\n<p style=\"text-align: center;\">Presidente: Ant\u00f3nio Manuel Paulino Sousa<br \/>\nSecret\u00e1rio: Maria de Jesus Santos da Luz<br \/>\nRelator: Ruben Jos\u00e9 Guerra Calhau<\/p>\n<\/div>\n<\/div><\/div><\/div><\/div><\/div>","protected":false},"excerpt":{"rendered":"<p>BI\u00c9NIO 2023\/2025 elei\u00e7\u00e3o em 18\/06\/2023 ASSEMBLEIA GERAL Presidente:&nbsp;Ant\u00f3nio Jos\u00e9 Pinela Silvestre Vice-Presidente: Jos\u00e9 Ant\u00f3nio Atab\u00e3o Revez Secret\u00e1rio: Jos\u00e9 Ant\u00f3nio Coura\u00e7a Calhau DIRE\u00c7\u00c3O Presidente: Jos\u00e9 Francisco Dias Mira Vice-Presidente: Jos\u00e9 Francisco Louro Lan\u00e7a Tesoureiro: Carla Alexandra Martins Revez Secret\u00e1rio: Fl\u00e1vio Jos\u00e9 Rocha Lan\u00e7a Vogal: Andr\u00e9 Francisco da Costa dos Santos Suplente: Francisco Jos\u00e9 Viegas Sim\u00e3o CONSELHO [&hellip;]<\/p>\n","protected":false},"author":1,"featured_media":0,"parent":0,"menu_order":0,"comment_status":"closed","ping_status":"closed","template":"","meta":{"ngg_post_thumbnail":0,"footnotes":""},"class_list":["post-37","page","type-page","status-publish","hentry"],"_links":{"self":[{"href":"https:\/\/www.gdodivelas.pt\/inicio\/wp-json\/wp\/v2\/pages\/37","targetHints":{"allow":["GET"]}}],"collection":[{"href":"https:\/\/www.gdodivelas.pt\/inicio\/wp-json\/wp\/v2\/pages"}],"about":[{"href":"https:\/\/www.gdodivelas.pt\/inicio\/wp-json\/wp\/v2\/types\/page"}],"author":[{"embeddable":true,"href":"https:\/\/www.gdodivelas.pt\/inicio\/wp-json\/wp\/v2\/users\/1"}],"replies":[{"embeddable":true,"href":"https:\/\/www.gdodivelas.pt\/inicio\/wp-json\/wp\/v2\/comments?post=37"}],"version-history":[{"count":5,"href":"https:\/\/www.gdodivelas.pt\/inicio\/wp-json\/wp\/v2\/pages\/37\/revisions"}],"predecessor-version":[{"id":670,"href":"https:\/\/www.gdodivelas.pt\/inicio\/wp-json\/wp\/v2\/pages\/37\/revisions\/670"}],"wp:attachment":[{"href":"https:\/\/www.gdodivelas.pt\/inicio\/wp-json\/wp\/v2\/media?parent=37"}],"curies":[{"name":"wp","href":"https:\/\/api.w.org\/{rel}","templated":true}]}}