{"id":451,"date":"2020-10-19T21:59:08","date_gmt":"2020-10-19T21:59:08","guid":{"rendered":"https:\/\/www.gdodivelas.pt\/inicio\/?page_id=451"},"modified":"2020-10-26T12:19:36","modified_gmt":"2020-10-26T12:19:36","slug":"btt","status":"publish","type":"page","link":"https:\/\/www.gdodivelas.pt\/inicio\/btt\/","title":{"rendered":"BTT"},"content":{"rendered":"<div id=\"pl-451\"  class=\"panel-layout\" ><div id=\"pg-451-0\"  class=\"panel-grid panel-no-style\" ><div id=\"pgc-451-0-0\"  class=\"panel-grid-cell\" ><div id=\"panel-451-0-0-0\" class=\"so-panel widget widget_sow-image panel-first-child\" data-index=\"0\" ><div\n\t\t\t\n\t\t\tclass=\"so-widget-sow-image so-widget-sow-image-default-8b5b6f678277-451\"\n\t\t\t\n\t\t>\n<div class=\"sow-image-container\">\n\t\t<img \n\tsrc=\"https:\/\/www.gdodivelas.pt\/inicio\/wp-content\/uploads\/2020\/10\/CDR13-LOGO_GDO_BTT.png\" width=\"139\" height=\"150\" srcset=\"https:\/\/www.gdodivelas.pt\/inicio\/wp-content\/uploads\/2020\/10\/CDR13-LOGO_GDO_BTT.png 967w, https:\/\/www.gdodivelas.pt\/inicio\/wp-content\/uploads\/2020\/10\/CDR13-LOGO_GDO_BTT-279x300.png 279w, https:\/\/www.gdodivelas.pt\/inicio\/wp-content\/uploads\/2020\/10\/CDR13-LOGO_GDO_BTT-952x1024.png 952w, https:\/\/www.gdodivelas.pt\/inicio\/wp-content\/uploads\/2020\/10\/CDR13-LOGO_GDO_BTT-768x826.png 768w\" sizes=\"(max-width: 139px) 100vw, 139px\" alt=\"\" \t\tclass=\"so-widget-image\"\/>\n\t<\/div>\n\n<\/div><\/div><div id=\"panel-451-0-0-1\" class=\"so-panel widget widget_sow-editor panel-last-child\" data-index=\"1\" ><div\n\t\t\t\n\t\t\tclass=\"so-widget-sow-editor so-widget-sow-editor-base\"\n\t\t\t\n\t\t>\n<div class=\"siteorigin-widget-tinymce textwidget\">\n\t<p><strong>Sec\u00e7\u00e3o de Ciclismo \/ BTT - \u00a0<\/strong>Em 2009 foi criada a sec\u00e7\u00e3o<\/p>\n<p>Organiza e integra, o o Grande Pr\u00e9mio S. Martinho, que conta com a colabora\u00e7\u00e3o da Associa\u00e7\u00e3o de Atletismo de Beja, Junta de Freguesia de Odivelas e C\u00e2mara Municipal de Ferreira do Alentejo, bem como com o patroc\u00ednio e apoio de empresas do concelho.<\/p>\n<\/div>\n<\/div><\/div><\/div><\/div><\/div>","protected":false},"excerpt":{"rendered":"<p>Sec\u00e7\u00e3o de Ciclismo \/ BTT &#8211; \u00a0Em 2009 foi criada a sec\u00e7\u00e3o Organiza e integra, o o Grande Pr\u00e9mio S. Martinho, que conta com a colabora\u00e7\u00e3o da Associa\u00e7\u00e3o de Atletismo de Beja, Junta de Freguesia de Odivelas e C\u00e2mara Municipal de Ferreira do Alentejo, bem como com o patroc\u00ednio e apoio de empresas do concelho.<\/p>\n","protected":false},"author":1,"featured_media":0,"parent":0,"menu_order":0,"comment_status":"closed","ping_status":"closed","template":"","meta":{"ngg_post_thumbnail":0,"footnotes":""},"class_list":["post-451","page","type-page","status-publish","hentry"],"_links":{"self":[{"href":"https:\/\/www.gdodivelas.pt\/inicio\/wp-json\/wp\/v2\/pages\/451","targetHints":{"allow":["GET"]}}],"collection":[{"href":"https:\/\/www.gdodivelas.pt\/inicio\/wp-json\/wp\/v2\/pages"}],"about":[{"href":"https:\/\/www.gdodivelas.pt\/inicio\/wp-json\/wp\/v2\/types\/page"}],"author":[{"embeddable":true,"href":"https:\/\/www.gdodivelas.pt\/inicio\/wp-json\/wp\/v2\/users\/1"}],"replies":[{"embeddable":true,"href":"https:\/\/www.gdodivelas.pt\/inicio\/wp-json\/wp\/v2\/comments?post=451"}],"version-history":[{"count":8,"href":"https:\/\/www.gdodivelas.pt\/inicio\/wp-json\/wp\/v2\/pages\/451\/revisions"}],"predecessor-version":[{"id":495,"href":"https:\/\/www.gdodivelas.pt\/inicio\/wp-json\/wp\/v2\/pages\/451\/revisions\/495"}],"wp:attachment":[{"href":"https:\/\/www.gdodivelas.pt\/inicio\/wp-json\/wp\/v2\/media?parent=451"}],"curies":[{"name":"wp","href":"https:\/\/api.w.org\/{rel}","templated":true}]}}