{"id":459,"date":"2020-10-19T22:00:08","date_gmt":"2020-10-19T22:00:08","guid":{"rendered":"https:\/\/www.gdodivelas.pt\/inicio\/?page_id=459"},"modified":"2020-10-26T12:18:43","modified_gmt":"2020-10-26T12:18:43","slug":"futebol","status":"publish","type":"page","link":"https:\/\/www.gdodivelas.pt\/inicio\/futebol\/","title":{"rendered":"Futebol"},"content":{"rendered":"<div id=\"pl-459\"  class=\"panel-layout\" ><div id=\"pg-459-0\"  class=\"panel-grid panel-no-style\" ><div id=\"pgc-459-0-0\"  class=\"panel-grid-cell\" ><div id=\"panel-459-0-0-0\" class=\"so-panel widget widget_sow-image panel-first-child\" data-index=\"0\" ><div\n\t\t\t\n\t\t\tclass=\"so-widget-sow-image so-widget-sow-image-default-8b5b6f678277-459\"\n\t\t\t\n\t\t>\n<div class=\"sow-image-container\">\n\t\t<img \n\tsrc=\"https:\/\/www.gdodivelas.pt\/inicio\/wp-content\/uploads\/2020\/10\/CDR15-LOGO_GDO_FUTEBOL.png\" width=\"150\" height=\"150\" srcset=\"https:\/\/www.gdodivelas.pt\/inicio\/wp-content\/uploads\/2020\/10\/CDR15-LOGO_GDO_FUTEBOL.png 797w, https:\/\/www.gdodivelas.pt\/inicio\/wp-content\/uploads\/2020\/10\/CDR15-LOGO_GDO_FUTEBOL-300x300.png 300w, https:\/\/www.gdodivelas.pt\/inicio\/wp-content\/uploads\/2020\/10\/CDR15-LOGO_GDO_FUTEBOL-150x150.png 150w, https:\/\/www.gdodivelas.pt\/inicio\/wp-content\/uploads\/2020\/10\/CDR15-LOGO_GDO_FUTEBOL-768x768.png 768w\" sizes=\"(max-width: 150px) 100vw, 150px\" alt=\"\" \t\tclass=\"so-widget-image\"\/>\n\t<\/div>\n\n<\/div><\/div><div id=\"panel-459-0-0-1\" class=\"so-panel widget widget_sow-editor panel-last-child\" data-index=\"1\" ><div\n\t\t\t\n\t\t\tclass=\"so-widget-sow-editor so-widget-sow-editor-base\"\n\t\t\t\n\t\t>\n<div class=\"siteorigin-widget-tinymce textwidget\">\n\t<p><strong>Sec\u00e7\u00e3o de Futebol<\/strong> \u2013 A sec\u00e7\u00e3o de Futebol ganhou a Ta\u00e7a de Honra da 2\u00aa. Divis\u00e3o Distrital na \u00e9poca de 1995\/96 e o 4\u00ba. Lugar na 2\u00aa. Divis\u00e3o Distrital, na sua s\u00e9rie, vindo a ser convidado a disputar uma final para ascender \u00e0 1\u00aa. Divis\u00e3o (o que recusou), e a Ta\u00e7a de Disciplina da 2\u00aa. Divis\u00e3o Distrital na \u00e9poca de 1996\/97.<\/p>\n<p>No per\u00edodo de 2005\/2009 foi um per\u00edodo conturbado com falta de listas para os corpos sociais, tendo a gest\u00e3o sido assegurada por uma Comiss\u00e3o Administrativa que se preocupou em manter toda a atividade cultural e desportiva em funcionamento<strong>, mas sem futebol (2005\/2006), que por imposi\u00e7\u00e3o da Associa\u00e7\u00e3o de Futebol de Beja (balne\u00e1rios sem cumprir requisitos) deixou de ser autorizado usar o campo de futebol, bem como por dificuldades financeiras.<\/strong><\/p>\n<p>Reativou-se a SEC\u00c7\u00c3O DE FUTEBOL, na \u00e9poca desportiva 2017\/2018, participando no campeonato e ta\u00e7a da Funda\u00e7\u00e3o INATEL. Mantendo-se em atividade na presente \u00e9poca (2020\/2021) e perspetivando-se a sua continuidade futura.<\/p>\n<\/div>\n<\/div><\/div><\/div><\/div><\/div>","protected":false},"excerpt":{"rendered":"<p>Sec\u00e7\u00e3o de Futebol \u2013 A sec\u00e7\u00e3o de Futebol ganhou a Ta\u00e7a de Honra da 2\u00aa. Divis\u00e3o Distrital na \u00e9poca de 1995\/96 e o 4\u00ba. Lugar na 2\u00aa. Divis\u00e3o Distrital, na sua s\u00e9rie, vindo a ser convidado a disputar uma final para ascender \u00e0 1\u00aa. Divis\u00e3o (o que recusou), e a Ta\u00e7a de Disciplina da 2\u00aa. [&hellip;]<\/p>\n","protected":false},"author":1,"featured_media":0,"parent":0,"menu_order":0,"comment_status":"closed","ping_status":"closed","template":"","meta":{"ngg_post_thumbnail":0,"footnotes":""},"class_list":["post-459","page","type-page","status-publish","hentry"],"_links":{"self":[{"href":"https:\/\/www.gdodivelas.pt\/inicio\/wp-json\/wp\/v2\/pages\/459","targetHints":{"allow":["GET"]}}],"collection":[{"href":"https:\/\/www.gdodivelas.pt\/inicio\/wp-json\/wp\/v2\/pages"}],"about":[{"href":"https:\/\/www.gdodivelas.pt\/inicio\/wp-json\/wp\/v2\/types\/page"}],"author":[{"embeddable":true,"href":"https:\/\/www.gdodivelas.pt\/inicio\/wp-json\/wp\/v2\/users\/1"}],"replies":[{"embeddable":true,"href":"https:\/\/www.gdodivelas.pt\/inicio\/wp-json\/wp\/v2\/comments?post=459"}],"version-history":[{"count":4,"href":"https:\/\/www.gdodivelas.pt\/inicio\/wp-json\/wp\/v2\/pages\/459\/revisions"}],"predecessor-version":[{"id":489,"href":"https:\/\/www.gdodivelas.pt\/inicio\/wp-json\/wp\/v2\/pages\/459\/revisions\/489"}],"wp:attachment":[{"href":"https:\/\/www.gdodivelas.pt\/inicio\/wp-json\/wp\/v2\/media?parent=459"}],"curies":[{"name":"wp","href":"https:\/\/api.w.org\/{rel}","templated":true}]}}