{"id":498,"date":"2020-10-26T12:31:30","date_gmt":"2020-10-26T12:31:30","guid":{"rendered":"https:\/\/www.gdodivelas.pt\/inicio\/?page_id=498"},"modified":"2020-10-26T14:19:51","modified_gmt":"2020-10-26T14:19:51","slug":"regulamento-interno","status":"publish","type":"page","link":"https:\/\/www.gdodivelas.pt\/inicio\/regulamento-interno\/","title":{"rendered":"Regulamento Interno"},"content":{"rendered":"<div id=\"pl-498\"  class=\"panel-layout\" ><div id=\"pg-498-0\"  class=\"panel-grid panel-no-style\" ><div id=\"pgc-498-0-0\"  class=\"panel-grid-cell\" ><div id=\"panel-498-0-0-0\" class=\"so-panel widget widget_sow-editor panel-first-child panel-last-child\" data-index=\"0\" ><div\n\t\t\t\n\t\t\tclass=\"so-widget-sow-editor so-widget-sow-editor-base\"\n\t\t\t\n\t\t>\n<div class=\"siteorigin-widget-tinymce textwidget\">\n\t<div class=\"entry-content\">\n<div id=\"pl-102\" class=\"panel-layout\">\n<div id=\"pg-102-0\" class=\"panel-grid panel-no-style\">\n<div id=\"pgc-102-0-0\" class=\"panel-grid-cell\">\n<div id=\"panel-102-0-0-0\" class=\"so-panel widget widget_sow-editor panel-first-child panel-last-child\" data-index=\"0\">\n<div class=\"so-widget-sow-editor so-widget-sow-editor-base\">\n<div class=\"siteorigin-widget-tinymce textwidget\">\n<p style=\"text-align: justify;\">O Grupo Desportivo de Odivelas \u00e9 uma associa\u00e7\u00e3o desportiva, cultural e recreativa constitu\u00edda por tempo indeterminado, constitu\u00edda legalmente atrav\u00e9s de escritura p\u00fablica a 2 de junho de 1980.<\/p>\n<p><a href=\"https:\/\/www.gdodivelas.pt\/inicio\/wp-content\/uploads\/2020\/10\/Regulamento-Geral-Interno-gdo.pdf\">Regulamento Interno da associa\u00e7\u00e3o GDodivelas<\/a><\/p>\n<\/div>\n<\/div>\n<\/div>\n<\/div>\n<\/div>\n<\/div>\n<\/div>\n<\/div>\n<\/div><\/div><\/div><\/div><\/div>","protected":false},"excerpt":{"rendered":"<p>O Grupo Desportivo de Odivelas \u00e9 uma associa\u00e7\u00e3o desportiva, cultural e recreativa constitu\u00edda por tempo indeterminado, constitu\u00edda legalmente atrav\u00e9s de escritura p\u00fablica a 2 de junho de 1980. Regulamento Interno da associa\u00e7\u00e3o GDodivelas<\/p>\n","protected":false},"author":1,"featured_media":0,"parent":0,"menu_order":0,"comment_status":"closed","ping_status":"closed","template":"","meta":{"ngg_post_thumbnail":0,"footnotes":""},"class_list":["post-498","page","type-page","status-publish","hentry"],"_links":{"self":[{"href":"https:\/\/www.gdodivelas.pt\/inicio\/wp-json\/wp\/v2\/pages\/498","targetHints":{"allow":["GET"]}}],"collection":[{"href":"https:\/\/www.gdodivelas.pt\/inicio\/wp-json\/wp\/v2\/pages"}],"about":[{"href":"https:\/\/www.gdodivelas.pt\/inicio\/wp-json\/wp\/v2\/types\/page"}],"author":[{"embeddable":true,"href":"https:\/\/www.gdodivelas.pt\/inicio\/wp-json\/wp\/v2\/users\/1"}],"replies":[{"embeddable":true,"href":"https:\/\/www.gdodivelas.pt\/inicio\/wp-json\/wp\/v2\/comments?post=498"}],"version-history":[{"count":2,"href":"https:\/\/www.gdodivelas.pt\/inicio\/wp-json\/wp\/v2\/pages\/498\/revisions"}],"predecessor-version":[{"id":502,"href":"https:\/\/www.gdodivelas.pt\/inicio\/wp-json\/wp\/v2\/pages\/498\/revisions\/502"}],"wp:attachment":[{"href":"https:\/\/www.gdodivelas.pt\/inicio\/wp-json\/wp\/v2\/media?parent=498"}],"curies":[{"name":"wp","href":"https:\/\/api.w.org\/{rel}","templated":true}]}}