{"id":5,"date":"2020-09-22T19:49:25","date_gmt":"2020-09-22T19:49:25","guid":{"rendered":"https:\/\/www.gdodivelas.pt\/inicio\/?page_id=5"},"modified":"2025-05-28T19:05:40","modified_gmt":"2025-05-28T19:05:40","slug":"inicio","status":"publish","type":"page","link":"https:\/\/www.gdodivelas.pt\/inicio\/","title":{"rendered":"In\u00edcio"},"content":{"rendered":"<div id=\"pl-5\"  class=\"panel-layout\"><div id=\"pg-5-0\"  class=\"panel-grid panel-has-style\"><div class=\"siteorigin-panels-stretch panel-row-style panel-row-style-for-5-0\" data-stretch-type=\"full-width-stretch\"><div id=\"pgc-5-0-0\"  class=\"panel-grid-cell\"><div id=\"panel-5-0-0-0\" class=\"so-panel widget widget_sow-hero panel-first-child panel-last-child\" data-index=\"0\"><div\n\t\t\t\n\t\t\tclass=\"so-widget-sow-hero so-widget-sow-hero-default-ba16482e1c80-5\">\t\t\t\t<div class=\"sow-slider-base\" style=\"display: none\" tabindex=\"0\">\n\t\t\t\t\t<ul\n\t\t\t\t\tclass=\"sow-slider-images\"\n\t\t\t\t\tdata-settings=\"{&quot;pagination&quot;:true,&quot;speed&quot;:800,&quot;timeout&quot;:6000,&quot;paused&quot;:false,&quot;pause_on_hover&quot;:true,&quot;swipe&quot;:true,&quot;nav_always_show_desktop&quot;:&quot;&quot;,&quot;nav_always_show_mobile&quot;:&quot;&quot;,&quot;breakpoint&quot;:&quot;780px&quot;,&quot;unmute&quot;:false,&quot;anchor&quot;:null}\"\n\t\t\t\t\tstyle=\"min-height: 714px\"\t\t\t\t\tdata-anchor-id=\"\">\t\t<li class=\"sow-slider-image  sow-slider-image-cover\" style=\"visibility: visible;;background-color: #333333\">\n\t\t\t\t\t<div class=\"sow-slider-image-container\">\n\t\t\t<div class=\"sow-slider-image-wrapper\">\n\t\t\t\t<h1 style=\"text-align: center\">FUTEBOL<\/h1>\n<h4 style=\"text-align: center\">Campeonato Funda\u00e7\u00e3o Inatel<\/h4>\n\t\t\t<\/div>\n\t\t<\/div>\n\t\t<div class=\"sow-slider-image-overlay sow-slider-image-cover\" style=\"opacity: 0.75;background-image: url(https:\/\/www.gdodivelas.pt\/inicio\/wp-content\/uploads\/2020\/10\/slider03.jpg)\"><\/div>\t\t<\/li>\n\t\t\t\t<li class=\"sow-slider-image  sow-slider-image-cover\" style=\"visibility: hidden;;background-color: #333333\">\n\t\t\t\t\t<div class=\"sow-slider-image-container\">\n\t\t\t<div class=\"sow-slider-image-wrapper\">\n\t\t\t\t<h1 style=\"text-align: center\">VIAGENS<\/h1>\n<h4 style=\"text-align: center\">Descobrindo caminhos do nosso Portugal<\/h4>\n\t\t\t<\/div>\n\t\t<\/div>\n\t\t<div class=\"sow-slider-image-overlay sow-slider-image-cover\" style=\"opacity: 0.75\" data-background=\"url(https:\/\/www.gdodivelas.pt\/inicio\/wp-content\/uploads\/2020\/10\/Passeio.Bucaco-luso-e-Aveiro.jpg)\"><\/div>\t\t<\/li>\n\t\t\t\t<li class=\"sow-slider-image  sow-slider-image-cover\" style=\"visibility: hidden;;background-color: #333333\">\n\t\t\t\t\t<div class=\"sow-slider-image-container\">\n\t\t\t<div class=\"sow-slider-image-wrapper\">\n\t\t\t\t<h1 style=\"text-align: center\"><a href=\"https:\/\/www.gdodivelas.pt\/inicio\/2025\/04\/16\/3o-passeio-motorizadas-50cc-odivelas\/\"><span style=\"color: #ffffff\">3\u00ba PASSEIO DE MOTORIZADAS<\/span><\/a><\/h1>\n<p><\/p><\/div><\/div><\/li><\/ul><\/div><\/div><\/div><\/div><\/div><\/div><\/div><p> <a href=\"https:\/\/www.gdodivelas.pt\/inicio\/#more-5\" class=\"more-link\">Ler mais<\/a><\/p>","protected":false},"excerpt":{"rendered":"<p>Bem vindo \u00e0 p\u00e1gina oficial do GDOdivelas. O Grupo Desportivo de Odivelas do Alentejo tem por finalidade a promo\u00e7\u00e3o cultural, desportiva e recreativa dos seus associados.<\/p>\n","protected":false},"author":1,"featured_media":0,"parent":0,"menu_order":0,"comment_status":"closed","ping_status":"closed","template":"page-templates\/pagebuilder.php","meta":{"ngg_post_thumbnail":0,"footnotes":""},"class_list":["post-5","page","type-page","status-publish","hentry"],"_links":{"self":[{"href":"https:\/\/www.gdodivelas.pt\/inicio\/wp-json\/wp\/v2\/pages\/5","targetHints":{"allow":["GET"]}}],"collection":[{"href":"https:\/\/www.gdodivelas.pt\/inicio\/wp-json\/wp\/v2\/pages"}],"about":[{"href":"https:\/\/www.gdodivelas.pt\/inicio\/wp-json\/wp\/v2\/types\/page"}],"author":[{"embeddable":true,"href":"https:\/\/www.gdodivelas.pt\/inicio\/wp-json\/wp\/v2\/users\/1"}],"replies":[{"embeddable":true,"href":"https:\/\/www.gdodivelas.pt\/inicio\/wp-json\/wp\/v2\/comments?post=5"}],"version-history":[{"count":330,"href":"https:\/\/www.gdodivelas.pt\/inicio\/wp-json\/wp\/v2\/pages\/5\/revisions"}],"predecessor-version":[{"id":823,"href":"https:\/\/www.gdodivelas.pt\/inicio\/wp-json\/wp\/v2\/pages\/5\/revisions\/823"}],"wp:attachment":[{"href":"https:\/\/www.gdodivelas.pt\/inicio\/wp-json\/wp\/v2\/media?parent=5"}],"curies":[{"name":"wp","href":"https:\/\/api.w.org\/{rel}","templated":true}]}}